{"id":5,"date":"2023-07-13T23:18:30","date_gmt":"2023-07-13T23:18:30","guid":{"rendered":"https:\/\/andandoradio.com\/?page_id=5"},"modified":"2025-05-23T19:01:26","modified_gmt":"2025-05-23T19:01:26","slug":"mesmerize","status":"publish","type":"page","link":"https:\/\/andandoradio.com\/","title":{"rendered":"Front Page"},"content":{"rendered":"<div  data-label=\"About\" data-id=\"about--1\" data-export-id=\"about-4\" data-category=\"about\" class=\"about-4 content-section content-section-spacing\" id=\"about-1\" style=\"background-color: rgb(245, 250, 253);\"><div  class=\"gridContainer\"> <div  class=\"row middle-sm text-center\"><div  class=\"col-sm-5 space-bottom-xs\" data-type=\"column\">  <h2  class=\"\">Hector Sunday Feliciano<\/h2> <p  class=\"\">ANDANDORADIO.COM ES UNA RADIO ONLINE M\u00daSICAL QUE SE ORIGINA DESDE BAIROA CAPITAL DE CAGUAS P.R.  NUESTRA PROGRAMACI\u00d3N ES SALSA OLDIES ,SALSA NUEVA,  SALSA RECURRENTE, EL TOQUESITO DEL MERENGUE OLDIES Y EL BOLERASO 24\/7 Y LOS DOMINGOS TENEMOS NUESTRO PROGRAMA EN VIVO DE LA TARIMA M\u00daSICAL DE LA SALSAAAAA GORDOTA Y SU HISTORIA,  EL TOQUESITO DE LA SALSA NUEVA Y SALSA RECURRENTE Y EL BOLERASO DESDE LAS 12 DEL MEDIOD\u00cdA LOS DOMINGOS POR EL JUNTE SALSERO ANDANDORADIO.COM,  ESCUCHAR RADIO, VER POR TV STREAMING,  INSTAGRAM, APLICACI\u00d3N MIXLR Y DESDE QUEENS N.Y. MONOSOLSTEREO. CO CONMIGO EL LOCUTOR H\u00c9CTOR SUNDAY FELICIANO 53 A\u00d1OS RADIO\u2026PARA LA \u00c9POCA 1971 AL 1977 RADIO COAMO DE 1977 AL 1989 SALSOUL FM CAGUAS DEL 1989 AL 1991 EN MONSTRO AM QBS SAN JUAN,  Y LUEGO REGRESE A SALSOUL 1992 AL 2002 , HEMOS LABORADO EN VICTORIA 840 Y AHORA NUESTRA RADIO  ONLINE ANDANDORADIO.COM\u2026NUESTRA CARRERA EN LA COMUNICACION,  HEMOS SIDO PRODUCTOR , LOCUTOR DE PRESENTACION DE ESPECT\u00c1CULO, CONCIERTO, FIESTAS BAILABLES Y PATRONALES\u2026NUESTRA VIDA RADIAL,  SOY NATURAL DEL PUEBLO  MARATONISTA DE COAMO EL CENTRO DEL UNIVERSO, Y LLEVO 47 A\u00d1OS\u2026SUNDAY FELICIANO ANDANDO UN ABRAZ\u00d3 MI GENTE\u2026.ANDANDORADIO.COM ES UNA RADIO ONLINE M\u00daSICAL QUE SE ORIGINA DESDE BAIROA CAPITAL DE CAGUAS P.R.  NUESTRA PROGRAMACI\u00d3N ES SALSA OLDIES ,SALSA NUEVA,  SALSA RECURRENTE, EL TOQUESITO DEL MERENGUE OLDIES Y EL BOLERASO 24\/7 Y LOS DOMINGOS TENEMOS NUESTRO PROGRAMA EN VIVO DE LA TARIMA M\u00daSICAL DE LA SALSAAAAA GORDOTA Y SU HISTORIA,  EL TOQUESITO DE LA SALSA NUEVA Y SALSA RECURRENTE Y EL BOLERASO DESDE LAS 12 DEL MEDIOD\u00cdA LOS DOMINGOS POR EL JUNTE SALSERO ANDANDORADIO.COM,  ESCUCHAR RADIO, VER POR TV STREAMING,  INSTAGRAM, APLICACI\u00d3N MIXLR Y DESDE QUEENS N.Y. MONOSOLSTEREO. CO CONMIGO EL LOCUTOR H\u00c9CTOR SUNDAY FELICIANO 53 A\u00d1OS RADIO\u2026PARA LA \u00c9POCA 1971 AL 1977 RADIO COAMO DE 1977 AL 1989 SALSOUL FM CAGUAS DEL 1989 AL 1991 EN MONSTRO AM QBS SAN JUAN,  Y LUEGO REGRESE A SALSOUL 1992 AL 2002 , HEMOS LABORADO EN VICTORIA 840 Y AHORA NUESTRA RADIO  ONLINE ANDANDORADIO.COM\u2026NUESTRA CARRERA EN LA COMUNICACION,  HEMOS SIDO PRODUCTOR , LOCUTOR DE PRESENTACION DE ESPECT\u00c1CULO, CONCIERTO, FIESTAS BAILABLES Y PATRONALES\u2026NUESTRA VIDA RADIAL,  SOY NATURAL DEL PUEBLO  MARATONISTA DE COAMO EL CENTRO DEL UNIVERSO, Y LLEVO 47 A\u00d1OS\u2026SUNDAY FELICIANO ANDANDO UN ABRAZ\u00d3 MI GENTE\u2026.<\/p> <\/div> <div  class=\"col-sm-7 flexbox center-xs middle-xs image-group-2-img\"> <img  decoding=\"async\" class=\"img-1 shadow-large\" data-size=\"250x200\" src=\"https:\/\/andandoradio.com\/wp-content\/uploads\/2024\/03\/cropped-cropped-image000000-2.jpg\" title=\"cropped-cropped-image000000-2.jpg\" alt=\"\"> <img  decoding=\"async\" class=\"img-2 shadow-large\" data-size=\"220x170\" src=\"https:\/\/andandoradio.com\/wp-content\/uploads\/2024\/03\/cropped-cropped-image000000-1.jpg\" title=\"cropped-cropped-image000000-1.jpg\" alt=\"\"><\/div> <\/div><\/div> <\/div><div  data-label=\"About\" data-id=\"about--2\" data-export-id=\"about-9\" data-category=\"about\" class=\"about-9 content-section content-section-spacing\" id=\"about-2\" style=\"background-color: rgb(245, 250, 253);\"><div  class=\"gridContainer\"> <div  class=\"row middle-sm text-center\"><div  class=\"col-sm-5 space-bottom-xs content-column content-right-sm\" data-type=\"column\">  <h2  class=\"\">Hector&nbsp;Sunday Feliciano<\/h2> <p  class=\"\">Todos los domingos escucha nuestra programacion dedicada a la salsa.<\/p> <\/div> <div  class=\"col-sm-7 flexbox flexbox middle-xs center-xs space-bottom-xs\"><div  class=\"overlay-box flexbox middle-xs center-xs overlay-holder \"> <div  class=\"overlay-box-offset offset-background shadow-medium bg-color2 hide-xs\"><\/div> <a  data-cp-link=\"1\" href=\"#\" target=\"_self\" rel=\"noopener\"><img  decoding=\"async\" class=\"flexbox shadow-large img1\" src=\"https:\/\/andandoradio.com\/wp-content\/uploads\/2023\/07\/cropped-IMG-20230713-WA0009.jpg\" data-size=\"600x400\"><\/a><\/div> <\/div><\/div> <\/div><\/div><div  data-label=\"Portfolio\" data-id=\"portfolio--1\" data-export-id=\"portfolio-4\" data-category=\"portfolio\" class=\"portfolio-4 content-section content-section-spacing-top\" id=\"portfolio-1\" style=\"background-color: rgb(245, 250, 253);\"><div  class=\"\"> <div  class=\"row text-center\"><div  class=\"section-title-col\" data-type=\"column\"> <h2  class=\"\">Portfolio<\/h2> <p  class=\"lead\">Nuestros recuerdos en Andando Radio<\/p><\/div> <\/div> <div  data-type=\"row\" class=\"row\" data-fixed=\"true\"> <div  class=\"col-xs-12 col-sm-3 no-gutter-col\"> <div  class=\"contentswap-effect\" data-hover-fx=\"portfolio-4\"> <div  class=\"initial-image\"> <img  decoding=\"async\" data-size=\"542x360\" src=\"https:\/\/andandoradio.com\/wp-content\/uploads\/2024\/07\/cropped-cropped-cropped-cropped-20240105_101618-scaled-1-e1720956947597.jpg\"><\/div> <div  class=\"overlay bg-color1\"><\/div> <div  class=\"swap-inner col-xs-12\"> <div  class=\"row full-height-row middle-xs middle-sm\"> <div  class=\"col-xs-12 text-center content-holder\"> <a  href=\"#\" target=\"_self\" rel=\"noopener\"><i  class=\"fa icon portfolio-icon fa-search big\" aria-hidden=\"true\"><\/i><\/a><\/div> <\/div><\/div> <\/div><\/div> <div  class=\"col-xs-12 col-sm-3 no-gutter-col\"><div  class=\"contentswap-effect\" data-hover-fx=\"portfolio-4\"> <div  class=\"initial-image\"> <img  decoding=\"async\" data-size=\"542x360\" src=\"https:\/\/andandoradio.com\/wp-content\/uploads\/2024\/07\/cropped-20240105_101704-scaled-e1720957103263.jpg\"><\/div> <div  class=\"overlay bg-color1\"><\/div> <div  class=\"swap-inner col-xs-12\"> <div  class=\"row full-height-row middle-xs middle-sm\"> <div  class=\"col-xs-12 text-center content-holder\"> <a  href=\"#\" target=\"_self\" rel=\"noopener\"><i  class=\"fa icon portfolio-icon fa-search big\" aria-hidden=\"true\"><\/i><\/a><\/div> <\/div><\/div> <\/div><\/div> <div  class=\"col-xs-12 col-sm-3 no-gutter-col\"><div  class=\"contentswap-effect\" data-hover-fx=\"portfolio-4\"> <div  class=\"initial-image\"> <img  decoding=\"async\" data-size=\"542x360\" src=\"https:\/\/andandoradio.com\/wp-content\/uploads\/2024\/07\/cropped-20230402_094633-scaled-2.jpg\"><\/div> <div  class=\"overlay bg-color1\"><\/div> <div  class=\"swap-inner col-xs-12\"> <div  class=\"row full-height-row middle-xs middle-sm\"> <div  class=\"col-xs-12 text-center content-holder\"> <a  href=\"#\" target=\"_self\" rel=\"noopener\"><i  class=\"fa icon portfolio-icon fa-search big\" aria-hidden=\"true\"><\/i><\/a><\/div> <\/div><\/div> <\/div><\/div> <div  class=\"col-xs-12 col-sm-3 no-gutter-col\"><div  class=\"contentswap-effect\" data-hover-fx=\"portfolio-4\"> <div  class=\"initial-image\"> <img  decoding=\"async\" data-size=\"542x360\" src=\"https:\/\/andandoradio.com\/wp-content\/uploads\/2024\/07\/cropped-20240303_123235-scaled-e1720957488193.jpg\"><\/div> <div  class=\"overlay bg-color1\"><\/div> <div  class=\"swap-inner col-xs-12\"> <div  class=\"row full-height-row middle-xs middle-sm\"> <div  class=\"col-xs-12 text-center content-holder\"> <a  href=\"#\" target=\"_self\" rel=\"noopener\"><i  class=\"fa icon portfolio-icon fa-search big\" aria-hidden=\"true\"><\/i><\/a><\/div> <\/div><\/div> <\/div><\/div> <div  class=\"col-xs-12 col-sm-3 no-gutter-col\"><div  class=\"contentswap-effect\" data-hover-fx=\"portfolio-4\"> <div  class=\"initial-image\"> <img  decoding=\"async\" data-size=\"542x360\" src=\"https:\/\/andandoradio.com\/wp-content\/uploads\/2024\/07\/cropped-IMG_20220329_130747_231-2.jpg\"><\/div> <div  class=\"overlay bg-color1\"><\/div> <div  class=\"swap-inner col-xs-12\"> <div  class=\"row full-height-row middle-xs middle-sm\"> <div  class=\"col-xs-12 text-center content-holder\"> <a  href=\"#\" target=\"_self\" rel=\"noopener\"><i  class=\"fa icon portfolio-icon fa-search big\" aria-hidden=\"true\"><\/i><\/a><\/div> <\/div><\/div> <\/div><\/div> <div  class=\"col-xs-12 col-sm-3 no-gutter-col\"><div  class=\"contentswap-effect\" data-hover-fx=\"portfolio-4\"> <div  class=\"initial-image\"> <img  decoding=\"async\" data-size=\"542x360\" src=\"https:\/\/andandoradio.com\/wp-content\/uploads\/2024\/07\/cropped-20240706_122834-scaled-e1720957602773.jpg\"><\/div> <div  class=\"overlay bg-color1\"><\/div> <div  class=\"swap-inner col-xs-12\"> <div  class=\"row full-height-row middle-xs middle-sm\"> <div  class=\"col-xs-12 text-center content-holder\"> <a  href=\"#\" target=\"_self\" rel=\"noopener\"><i  class=\"fa icon portfolio-icon fa-search big\" aria-hidden=\"true\"><\/i><\/a><\/div> <\/div><\/div> <\/div><\/div> <div  class=\"col-xs-12 col-sm-3 no-gutter-col\"><div  class=\"contentswap-effect\" data-hover-fx=\"portfolio-4\"> <div  class=\"initial-image\"> <img  decoding=\"async\" data-size=\"542x360\" src=\"https:\/\/andandoradio.com\/wp-content\/uploads\/2024\/07\/cropped-cropped-FB_IMG_1579479929172.jpg\"><\/div> <div  class=\"overlay bg-color1\"><\/div> <div  class=\"swap-inner col-xs-12\"> <div  class=\"row full-height-row middle-xs middle-sm\"> <div  class=\"col-xs-12 text-center content-holder\"> <a  href=\"#\" target=\"_self\" rel=\"noopener\"><i  class=\"fa icon portfolio-icon fa-search big\" aria-hidden=\"true\"><\/i><\/a><\/div> <\/div><\/div> <\/div><\/div> <div  class=\"col-xs-12 col-sm-3 no-gutter-col\"><div  class=\"contentswap-effect\" data-hover-fx=\"portfolio-4\"> <div  class=\"initial-image\"> <img  decoding=\"async\" data-size=\"542x360\" src=\"https:\/\/andandoradio.com\/wp-content\/uploads\/2024\/07\/cropped-IMG-20240528-WA0009.jpg\"><\/div> <div  class=\"overlay bg-color1\"><\/div> <div  class=\"swap-inner col-xs-12\"> <div  class=\"row full-height-row middle-xs middle-sm\"> <div  class=\"col-xs-12 text-center content-holder\"> <a  href=\"#\" target=\"_self\" rel=\"noopener\"><i  class=\"fa icon portfolio-icon fa-search big\" aria-hidden=\"true\"><\/i><\/a><\/div> <\/div><\/div> <\/div><\/div> <\/div><\/div> <\/div><div  id=\"contact-1\" style=\"background-color: #ffffff;\" data-label=\"Contact\" data-id=\"contact-1-mc\" data-export-id=\"contact-1-mc\" data-bullets-visibility=\"true\" data-category=\"contact\" class=\"contact-1-mc content-section content-section-spacing white-text\" data-parallax-depth=\"20\"><div  class=\"gridContainer\"> <div  class=\"row text-center\"><div  class=\"section-title-col\" data-type=\"column\"> <h5  class=\"\">CONNECT WITH US<\/h5> <h2  class=\"\">Contact us<\/h2> <p  class=\"lead\">With the Internet spreading linke wildfire and reaching every part of our daily life, more and more traffic is directed to websites in search for information.<\/p><\/div> <\/div> <div  class=\"row text-center\"> <div  class=\"col-xs-12 col-sm-8 col-sm-offset-2 contact-form-wrapper inline-info\"> <div  class=\"card large-padding\"> <div  class=\"\" data-content-shortcode=\"mesmerize_contact_form\" data-editable=\"true\"><p style=\"text-align:center;color:#ababab\">Contact form will be displayed here. To activate it you have to set the \"contact form shortcode\" parameter in Customizer.<\/p><\/div><\/div> <\/div><\/div> <\/div><\/div>","protected":false},"excerpt":{"rendered":"<p>Hector Sunday Feliciano ANDANDORADIO.COM ES UNA RADIO ONLINE M\u00daSICAL QUE SE ORIGINA DESDE BAIROA CAPITAL DE CAGUAS P.R. NUESTRA PROGRAMACI\u00d3N ES SALSA OLDIES ,SALSA NUEVA, SALSA RECURRENTE, EL TOQUESITO DEL MERENGUE OLDIES Y EL BOLERASO 24\/7 Y LOS DOMINGOS TENEMOS NUESTRO PROGRAMA EN VIVO DE LA TARIMA M\u00daSICAL DE LA SALSAAAAA GORDOTA Y SU HISTORIA,&hellip; <br \/> <a class=\"read-more\" href=\"https:\/\/andandoradio.com\/\">Read more<\/a><\/p>\n","protected":false},"author":1,"featured_media":0,"parent":0,"menu_order":0,"comment_status":"closed","ping_status":"closed","template":"page-templates\/homepage.php","meta":{"footnotes":""},"class_list":["post-5","page","type-page","status-publish","hentry"],"_links":{"self":[{"href":"https:\/\/andandoradio.com\/index.php?rest_route=\/wp\/v2\/pages\/5","targetHints":{"allow":["GET"]}}],"collection":[{"href":"https:\/\/andandoradio.com\/index.php?rest_route=\/wp\/v2\/pages"}],"about":[{"href":"https:\/\/andandoradio.com\/index.php?rest_route=\/wp\/v2\/types\/page"}],"author":[{"embeddable":true,"href":"https:\/\/andandoradio.com\/index.php?rest_route=\/wp\/v2\/users\/1"}],"replies":[{"embeddable":true,"href":"https:\/\/andandoradio.com\/index.php?rest_route=%2Fwp%2Fv2%2Fcomments&post=5"}],"version-history":[{"count":7,"href":"https:\/\/andandoradio.com\/index.php?rest_route=\/wp\/v2\/pages\/5\/revisions"}],"predecessor-version":[{"id":122,"href":"https:\/\/andandoradio.com\/index.php?rest_route=\/wp\/v2\/pages\/5\/revisions\/122"}],"wp:attachment":[{"href":"https:\/\/andandoradio.com\/index.php?rest_route=%2Fwp%2Fv2%2Fmedia&parent=5"}],"curies":[{"name":"wp","href":"https:\/\/api.w.org\/{rel}","templated":true}]}}